{"id":869,"date":"2024-12-23T10:28:09","date_gmt":"2024-12-23T10:28:09","guid":{"rendered":"https:\/\/milestone-avocats.com\/secteurs\/"},"modified":"2025-07-07T15:15:15","modified_gmt":"2025-07-07T15:15:15","slug":"industries","status":"publish","type":"page","link":"https:\/\/milestone-avocats.com\/en\/industries\/","title":{"rendered":"Industries"},"content":{"rendered":"\n<p>Each industry comes with its own challenges. We understand them, master them, and know how to address them. Our team is committed to providing businesses with precise and strategic legal solutions, designed to anticipate needs, support growth ambitions, and ensure compliance and long-term sustainability.<\/p>\n","protected":false},"excerpt":{"rendered":"<p>Each industry comes with its own challenges. We understand them, master them, and know how to address them. Our team is committed to providing businesses with precise and strategic legal solutions, designed to anticipate needs, support growth ambitions, and ensure compliance and long-term sustainability.<\/p>\n","protected":false},"author":2,"featured_media":0,"parent":0,"menu_order":20,"comment_status":"closed","ping_status":"closed","template":"pages\/secteurs.php","meta":{"_acf_changed":false,"footnotes":""},"class_list":["post-869","page","type-page","status-publish","hentry"],"acf":[],"yoast_head":"<!-- This site is optimized with the Yoast SEO plugin v24.3 - https:\/\/yoast.com\/wordpress\/plugins\/seo\/ -->\n<title>Ma\u00eetriser la sp\u00e9cificit\u00e9 de chacun de vos march\u00e9s\uff5cCabinet Milestone<\/title>\n<meta name=\"description\" content=\"Chaque secteur poss\u00e8de ses propres d\u00e9fis. Nous les connaissons, les ma\u00eetrisons et savons y r\u00e9pondre. Notre \u00e9quipe s&#039;engage \u00e0 fournir aux entreprises des solutions juridiques pr\u00e9cises et strat\u00e9giques, con\u00e7ues pour anticiper les besoins, soutenir les ambitions de croissance et garantir conformit\u00e9 et p\u00e9rennit\u00e9...\" \/>\n<meta name=\"robots\" content=\"index, follow, max-snippet:-1, max-image-preview:large, max-video-preview:-1\" \/>\n<link rel=\"canonical\" href=\"https:\/\/milestone-avocats.com\/en\/industries\/\" \/>\n<meta property=\"og:locale\" content=\"en_US\" \/>\n<meta property=\"og:type\" content=\"article\" \/>\n<meta property=\"og:title\" content=\"Ma\u00eetriser la sp\u00e9cificit\u00e9 de chacun de vos march\u00e9s\uff5cCabinet Milestone\" \/>\n<meta property=\"og:description\" content=\"Chaque secteur poss\u00e8de ses propres d\u00e9fis. Nous les connaissons, les ma\u00eetrisons et savons y r\u00e9pondre. Notre \u00e9quipe s&#039;engage \u00e0 fournir aux entreprises des solutions juridiques pr\u00e9cises et strat\u00e9giques, con\u00e7ues pour anticiper les besoins, soutenir les ambitions de croissance et garantir conformit\u00e9 et p\u00e9rennit\u00e9...\" \/>\n<meta property=\"og:url\" content=\"https:\/\/milestone-avocats.com\/en\/industries\/\" \/>\n<meta property=\"og:site_name\" content=\"Milestone Avocats\" \/>\n<meta property=\"article:modified_time\" content=\"2025-07-07T15:15:15+00:00\" \/>\n<meta name=\"twitter:card\" content=\"summary_large_image\" \/>\n<meta name=\"twitter:label1\" content=\"Est. reading time\" \/>\n\t<meta name=\"twitter:data1\" content=\"1 minute\" \/>\n<script type=\"application\/ld+json\" class=\"yoast-schema-graph\">{\"@context\":\"https:\/\/schema.org\",\"@graph\":[{\"@type\":\"WebPage\",\"@id\":\"https:\/\/milestone-avocats.com\/en\/industries\/\",\"url\":\"https:\/\/milestone-avocats.com\/en\/industries\/\",\"name\":\"Ma\u00eetriser la sp\u00e9cificit\u00e9 de chacun de vos march\u00e9s\uff5cCabinet Milestone\",\"isPartOf\":{\"@id\":\"https:\/\/milestone-avocats.com\/#website\"},\"datePublished\":\"2024-12-23T10:28:09+00:00\",\"dateModified\":\"2025-07-07T15:15:15+00:00\",\"description\":\"Chaque secteur poss\u00e8de ses propres d\u00e9fis. Nous les connaissons, les ma\u00eetrisons et savons y r\u00e9pondre. Notre \u00e9quipe s'engage \u00e0 fournir aux entreprises des solutions juridiques pr\u00e9cises et strat\u00e9giques, con\u00e7ues pour anticiper les besoins, soutenir les ambitions de croissance et garantir conformit\u00e9 et p\u00e9rennit\u00e9...\",\"breadcrumb\":{\"@id\":\"https:\/\/milestone-avocats.com\/en\/industries\/#breadcrumb\"},\"inLanguage\":\"en-US\",\"potentialAction\":[{\"@type\":\"ReadAction\",\"target\":[\"https:\/\/milestone-avocats.com\/en\/industries\/\"]}]},{\"@type\":\"BreadcrumbList\",\"@id\":\"https:\/\/milestone-avocats.com\/en\/industries\/#breadcrumb\",\"itemListElement\":[{\"@type\":\"ListItem\",\"position\":1,\"name\":\"Accueil\",\"item\":\"https:\/\/milestone-avocats.com\/en\/\"},{\"@type\":\"ListItem\",\"position\":2,\"name\":\"Industries\"}]},{\"@type\":\"WebSite\",\"@id\":\"https:\/\/milestone-avocats.com\/#website\",\"url\":\"https:\/\/milestone-avocats.com\/\",\"name\":\"Milestone Avocats\",\"description\":\"\",\"potentialAction\":[{\"@type\":\"SearchAction\",\"target\":{\"@type\":\"EntryPoint\",\"urlTemplate\":\"https:\/\/milestone-avocats.com\/?s={search_term_string}\"},\"query-input\":{\"@type\":\"PropertyValueSpecification\",\"valueRequired\":true,\"valueName\":\"search_term_string\"}}],\"inLanguage\":\"en-US\"}]}<\/script>\n<!-- \/ Yoast SEO plugin. -->","yoast_head_json":{"title":"Ma\u00eetriser la sp\u00e9cificit\u00e9 de chacun de vos march\u00e9s\uff5cCabinet Milestone","description":"Chaque secteur poss\u00e8de ses propres d\u00e9fis. Nous les connaissons, les ma\u00eetrisons et savons y r\u00e9pondre. Notre \u00e9quipe s'engage \u00e0 fournir aux entreprises des solutions juridiques pr\u00e9cises et strat\u00e9giques, con\u00e7ues pour anticiper les besoins, soutenir les ambitions de croissance et garantir conformit\u00e9 et p\u00e9rennit\u00e9...","robots":{"index":"index","follow":"follow","max-snippet":"max-snippet:-1","max-image-preview":"max-image-preview:large","max-video-preview":"max-video-preview:-1"},"canonical":"https:\/\/milestone-avocats.com\/en\/industries\/","og_locale":"en_US","og_type":"article","og_title":"Ma\u00eetriser la sp\u00e9cificit\u00e9 de chacun de vos march\u00e9s\uff5cCabinet Milestone","og_description":"Chaque secteur poss\u00e8de ses propres d\u00e9fis. Nous les connaissons, les ma\u00eetrisons et savons y r\u00e9pondre. Notre \u00e9quipe s'engage \u00e0 fournir aux entreprises des solutions juridiques pr\u00e9cises et strat\u00e9giques, con\u00e7ues pour anticiper les besoins, soutenir les ambitions de croissance et garantir conformit\u00e9 et p\u00e9rennit\u00e9...","og_url":"https:\/\/milestone-avocats.com\/en\/industries\/","og_site_name":"Milestone Avocats","article_modified_time":"2025-07-07T15:15:15+00:00","twitter_card":"summary_large_image","twitter_misc":{"Est. reading time":"1 minute"},"schema":{"@context":"https:\/\/schema.org","@graph":[{"@type":"WebPage","@id":"https:\/\/milestone-avocats.com\/en\/industries\/","url":"https:\/\/milestone-avocats.com\/en\/industries\/","name":"Ma\u00eetriser la sp\u00e9cificit\u00e9 de chacun de vos march\u00e9s\uff5cCabinet Milestone","isPartOf":{"@id":"https:\/\/milestone-avocats.com\/#website"},"datePublished":"2024-12-23T10:28:09+00:00","dateModified":"2025-07-07T15:15:15+00:00","description":"Chaque secteur poss\u00e8de ses propres d\u00e9fis. Nous les connaissons, les ma\u00eetrisons et savons y r\u00e9pondre. Notre \u00e9quipe s'engage \u00e0 fournir aux entreprises des solutions juridiques pr\u00e9cises et strat\u00e9giques, con\u00e7ues pour anticiper les besoins, soutenir les ambitions de croissance et garantir conformit\u00e9 et p\u00e9rennit\u00e9...","breadcrumb":{"@id":"https:\/\/milestone-avocats.com\/en\/industries\/#breadcrumb"},"inLanguage":"en-US","potentialAction":[{"@type":"ReadAction","target":["https:\/\/milestone-avocats.com\/en\/industries\/"]}]},{"@type":"BreadcrumbList","@id":"https:\/\/milestone-avocats.com\/en\/industries\/#breadcrumb","itemListElement":[{"@type":"ListItem","position":1,"name":"Accueil","item":"https:\/\/milestone-avocats.com\/en\/"},{"@type":"ListItem","position":2,"name":"Industries"}]},{"@type":"WebSite","@id":"https:\/\/milestone-avocats.com\/#website","url":"https:\/\/milestone-avocats.com\/","name":"Milestone Avocats","description":"","potentialAction":[{"@type":"SearchAction","target":{"@type":"EntryPoint","urlTemplate":"https:\/\/milestone-avocats.com\/?s={search_term_string}"},"query-input":{"@type":"PropertyValueSpecification","valueRequired":true,"valueName":"search_term_string"}}],"inLanguage":"en-US"}]}},"_links":{"self":[{"href":"https:\/\/milestone-avocats.com\/en\/wp-json\/wp\/v2\/pages\/869","targetHints":{"allow":["GET"]}}],"collection":[{"href":"https:\/\/milestone-avocats.com\/en\/wp-json\/wp\/v2\/pages"}],"about":[{"href":"https:\/\/milestone-avocats.com\/en\/wp-json\/wp\/v2\/types\/page"}],"author":[{"embeddable":true,"href":"https:\/\/milestone-avocats.com\/en\/wp-json\/wp\/v2\/users\/2"}],"replies":[{"embeddable":true,"href":"https:\/\/milestone-avocats.com\/en\/wp-json\/wp\/v2\/comments?post=869"}],"version-history":[{"count":3,"href":"https:\/\/milestone-avocats.com\/en\/wp-json\/wp\/v2\/pages\/869\/revisions"}],"predecessor-version":[{"id":1176,"href":"https:\/\/milestone-avocats.com\/en\/wp-json\/wp\/v2\/pages\/869\/revisions\/1176"}],"wp:attachment":[{"href":"https:\/\/milestone-avocats.com\/en\/wp-json\/wp\/v2\/media?parent=869"}],"curies":[{"name":"wp","href":"https:\/\/api.w.org\/{rel}","templated":true}]}}