{"id":866,"date":"2024-12-23T10:45:57","date_gmt":"2024-12-23T10:45:57","guid":{"rendered":"https:\/\/milestone-avocats.com\/team\/"},"modified":"2025-07-07T11:04:26","modified_gmt":"2025-07-07T11:04:26","slug":"team","status":"publish","type":"page","link":"https:\/\/milestone-avocats.com\/en\/team\/","title":{"rendered":"Team"},"content":{"rendered":"","protected":false},"excerpt":{"rendered":"","protected":false},"author":2,"featured_media":0,"parent":0,"menu_order":15,"comment_status":"closed","ping_status":"closed","template":"pages\/equipe.php","meta":{"_acf_changed":false,"footnotes":""},"class_list":["post-866","page","type-page","status-publish","hentry"],"acf":[],"yoast_head":"<!-- This site is optimized with the Yoast SEO plugin v24.3 - https:\/\/yoast.com\/wordpress\/plugins\/seo\/ -->\n<title>Rencontrez notre \u00e9quipe\uff5cMilestone Avocats<\/title>\n<meta name=\"description\" content=\"\u00c0 travers un accompagnement technique et manag\u00e9rial, nous encourageons l\u2019ensemble de notre \u00e9quipe \u00e0 d\u00e9velopper son plein potentiel et influer positivement sur la croissance du cabinet, mais avant tout celle de ses clients.\" \/>\n<meta name=\"robots\" content=\"index, follow, max-snippet:-1, max-image-preview:large, max-video-preview:-1\" \/>\n<link rel=\"canonical\" href=\"https:\/\/milestone-avocats.com\/en\/team\/\" \/>\n<meta property=\"og:locale\" content=\"en_US\" \/>\n<meta property=\"og:type\" content=\"article\" \/>\n<meta property=\"og:title\" content=\"Rencontrez notre \u00e9quipe\uff5cMilestone Avocats\" \/>\n<meta property=\"og:description\" content=\"\u00c0 travers un accompagnement technique et manag\u00e9rial, nous encourageons l\u2019ensemble de notre \u00e9quipe \u00e0 d\u00e9velopper son plein potentiel et influer positivement sur la croissance du cabinet, mais avant tout celle de ses clients.\" \/>\n<meta property=\"og:url\" content=\"https:\/\/milestone-avocats.com\/en\/team\/\" \/>\n<meta property=\"og:site_name\" content=\"Milestone Avocats\" \/>\n<meta property=\"article:modified_time\" content=\"2025-07-07T11:04:26+00:00\" \/>\n<meta name=\"twitter:card\" content=\"summary_large_image\" \/>\n<script type=\"application\/ld+json\" class=\"yoast-schema-graph\">{\"@context\":\"https:\/\/schema.org\",\"@graph\":[{\"@type\":\"WebPage\",\"@id\":\"https:\/\/milestone-avocats.com\/en\/team\/\",\"url\":\"https:\/\/milestone-avocats.com\/en\/team\/\",\"name\":\"Rencontrez notre \u00e9quipe\uff5cMilestone Avocats\",\"isPartOf\":{\"@id\":\"https:\/\/milestone-avocats.com\/#website\"},\"datePublished\":\"2024-12-23T10:45:57+00:00\",\"dateModified\":\"2025-07-07T11:04:26+00:00\",\"description\":\"\u00c0 travers un accompagnement technique et manag\u00e9rial, nous encourageons l\u2019ensemble de notre \u00e9quipe \u00e0 d\u00e9velopper son plein potentiel et influer positivement sur la croissance du cabinet, mais avant tout celle de ses clients.\",\"breadcrumb\":{\"@id\":\"https:\/\/milestone-avocats.com\/en\/team\/#breadcrumb\"},\"inLanguage\":\"en-US\",\"potentialAction\":[{\"@type\":\"ReadAction\",\"target\":[\"https:\/\/milestone-avocats.com\/en\/team\/\"]}]},{\"@type\":\"BreadcrumbList\",\"@id\":\"https:\/\/milestone-avocats.com\/en\/team\/#breadcrumb\",\"itemListElement\":[{\"@type\":\"ListItem\",\"position\":1,\"name\":\"Accueil\",\"item\":\"https:\/\/milestone-avocats.com\/en\/\"},{\"@type\":\"ListItem\",\"position\":2,\"name\":\"Team\"}]},{\"@type\":\"WebSite\",\"@id\":\"https:\/\/milestone-avocats.com\/#website\",\"url\":\"https:\/\/milestone-avocats.com\/\",\"name\":\"Milestone Avocats\",\"description\":\"\",\"potentialAction\":[{\"@type\":\"SearchAction\",\"target\":{\"@type\":\"EntryPoint\",\"urlTemplate\":\"https:\/\/milestone-avocats.com\/?s={search_term_string}\"},\"query-input\":{\"@type\":\"PropertyValueSpecification\",\"valueRequired\":true,\"valueName\":\"search_term_string\"}}],\"inLanguage\":\"en-US\"}]}<\/script>\n<!-- \/ Yoast SEO plugin. -->","yoast_head_json":{"title":"Rencontrez notre \u00e9quipe\uff5cMilestone Avocats","description":"\u00c0 travers un accompagnement technique et manag\u00e9rial, nous encourageons l\u2019ensemble de notre \u00e9quipe \u00e0 d\u00e9velopper son plein potentiel et influer positivement sur la croissance du cabinet, mais avant tout celle de ses clients.","robots":{"index":"index","follow":"follow","max-snippet":"max-snippet:-1","max-image-preview":"max-image-preview:large","max-video-preview":"max-video-preview:-1"},"canonical":"https:\/\/milestone-avocats.com\/en\/team\/","og_locale":"en_US","og_type":"article","og_title":"Rencontrez notre \u00e9quipe\uff5cMilestone Avocats","og_description":"\u00c0 travers un accompagnement technique et manag\u00e9rial, nous encourageons l\u2019ensemble de notre \u00e9quipe \u00e0 d\u00e9velopper son plein potentiel et influer positivement sur la croissance du cabinet, mais avant tout celle de ses clients.","og_url":"https:\/\/milestone-avocats.com\/en\/team\/","og_site_name":"Milestone Avocats","article_modified_time":"2025-07-07T11:04:26+00:00","twitter_card":"summary_large_image","schema":{"@context":"https:\/\/schema.org","@graph":[{"@type":"WebPage","@id":"https:\/\/milestone-avocats.com\/en\/team\/","url":"https:\/\/milestone-avocats.com\/en\/team\/","name":"Rencontrez notre \u00e9quipe\uff5cMilestone Avocats","isPartOf":{"@id":"https:\/\/milestone-avocats.com\/#website"},"datePublished":"2024-12-23T10:45:57+00:00","dateModified":"2025-07-07T11:04:26+00:00","description":"\u00c0 travers un accompagnement technique et manag\u00e9rial, nous encourageons l\u2019ensemble de notre \u00e9quipe \u00e0 d\u00e9velopper son plein potentiel et influer positivement sur la croissance du cabinet, mais avant tout celle de ses clients.","breadcrumb":{"@id":"https:\/\/milestone-avocats.com\/en\/team\/#breadcrumb"},"inLanguage":"en-US","potentialAction":[{"@type":"ReadAction","target":["https:\/\/milestone-avocats.com\/en\/team\/"]}]},{"@type":"BreadcrumbList","@id":"https:\/\/milestone-avocats.com\/en\/team\/#breadcrumb","itemListElement":[{"@type":"ListItem","position":1,"name":"Accueil","item":"https:\/\/milestone-avocats.com\/en\/"},{"@type":"ListItem","position":2,"name":"Team"}]},{"@type":"WebSite","@id":"https:\/\/milestone-avocats.com\/#website","url":"https:\/\/milestone-avocats.com\/","name":"Milestone Avocats","description":"","potentialAction":[{"@type":"SearchAction","target":{"@type":"EntryPoint","urlTemplate":"https:\/\/milestone-avocats.com\/?s={search_term_string}"},"query-input":{"@type":"PropertyValueSpecification","valueRequired":true,"valueName":"search_term_string"}}],"inLanguage":"en-US"}]}},"_links":{"self":[{"href":"https:\/\/milestone-avocats.com\/en\/wp-json\/wp\/v2\/pages\/866","targetHints":{"allow":["GET"]}}],"collection":[{"href":"https:\/\/milestone-avocats.com\/en\/wp-json\/wp\/v2\/pages"}],"about":[{"href":"https:\/\/milestone-avocats.com\/en\/wp-json\/wp\/v2\/types\/page"}],"author":[{"embeddable":true,"href":"https:\/\/milestone-avocats.com\/en\/wp-json\/wp\/v2\/users\/2"}],"replies":[{"embeddable":true,"href":"https:\/\/milestone-avocats.com\/en\/wp-json\/wp\/v2\/comments?post=866"}],"version-history":[{"count":1,"href":"https:\/\/milestone-avocats.com\/en\/wp-json\/wp\/v2\/pages\/866\/revisions"}],"predecessor-version":[{"id":1147,"href":"https:\/\/milestone-avocats.com\/en\/wp-json\/wp\/v2\/pages\/866\/revisions\/1147"}],"wp:attachment":[{"href":"https:\/\/milestone-avocats.com\/en\/wp-json\/wp\/v2\/media?parent=866"}],"curies":[{"name":"wp","href":"https:\/\/api.w.org\/{rel}","templated":true}]}}