{"id":864,"date":"2024-12-20T15:03:12","date_gmt":"2024-12-20T15:03:12","guid":{"rendered":"https:\/\/milestone-avocats.com\/a-propos\/"},"modified":"2025-07-07T10:58:12","modified_gmt":"2025-07-07T10:58:12","slug":"about-us","status":"publish","type":"page","link":"https:\/\/milestone-avocats.com\/en\/about-us\/","title":{"rendered":"About us"},"content":{"rendered":"","protected":false},"excerpt":{"rendered":"","protected":false},"author":2,"featured_media":0,"parent":0,"menu_order":8,"comment_status":"closed","ping_status":"closed","template":"pages\/about.php","meta":{"_acf_changed":false,"footnotes":""},"class_list":["post-864","page","type-page","status-publish","hentry"],"acf":[],"yoast_head":"<!-- This site is optimized with the Yoast SEO plugin v24.3 - https:\/\/yoast.com\/wordpress\/plugins\/seo\/ -->\n<title>Transformez le &quot;step by step\u201d en strat\u00e9gie long terme\uff5cMilestone Avocats<\/title>\n<meta name=\"description\" content=\"Le cabinet Milestone Avocats r\u00e9pond aux enjeux des acteurs \u00e9conomiques les plus exigeants, en offrant une proposition de valeur repens\u00e9e et tourn\u00e9e vers l\u2019avenir. Chaque solution que nous \u00e9laborons, con\u00e7ue pour atteindre vos objectifs, allie innovation et ma\u00eetrise tout en garantissant la s\u00e9curit\u00e9 juridique.\" \/>\n<meta name=\"robots\" content=\"index, follow, max-snippet:-1, max-image-preview:large, max-video-preview:-1\" \/>\n<link rel=\"canonical\" href=\"https:\/\/milestone-avocats.com\/en\/about-us\/\" \/>\n<meta property=\"og:locale\" content=\"en_US\" \/>\n<meta property=\"og:type\" content=\"article\" \/>\n<meta property=\"og:title\" content=\"Transformez le &quot;step by step\u201d en strat\u00e9gie long terme\uff5cMilestone Avocats\" \/>\n<meta property=\"og:description\" content=\"Le cabinet Milestone Avocats r\u00e9pond aux enjeux des acteurs \u00e9conomiques les plus exigeants, en offrant une proposition de valeur repens\u00e9e et tourn\u00e9e vers l\u2019avenir. Chaque solution que nous \u00e9laborons, con\u00e7ue pour atteindre vos objectifs, allie innovation et ma\u00eetrise tout en garantissant la s\u00e9curit\u00e9 juridique.\" \/>\n<meta property=\"og:url\" content=\"https:\/\/milestone-avocats.com\/en\/about-us\/\" \/>\n<meta property=\"og:site_name\" content=\"Milestone Avocats\" \/>\n<meta property=\"article:modified_time\" content=\"2025-07-07T10:58:12+00:00\" \/>\n<meta name=\"twitter:card\" content=\"summary_large_image\" \/>\n<script type=\"application\/ld+json\" class=\"yoast-schema-graph\">{\"@context\":\"https:\/\/schema.org\",\"@graph\":[{\"@type\":\"WebPage\",\"@id\":\"https:\/\/milestone-avocats.com\/en\/about-us\/\",\"url\":\"https:\/\/milestone-avocats.com\/en\/about-us\/\",\"name\":\"Transformez le \\\"step by step\u201d en strat\u00e9gie long terme\uff5cMilestone Avocats\",\"isPartOf\":{\"@id\":\"https:\/\/milestone-avocats.com\/#website\"},\"datePublished\":\"2024-12-20T15:03:12+00:00\",\"dateModified\":\"2025-07-07T10:58:12+00:00\",\"description\":\"Le cabinet Milestone Avocats r\u00e9pond aux enjeux des acteurs \u00e9conomiques les plus exigeants, en offrant une proposition de valeur repens\u00e9e et tourn\u00e9e vers l\u2019avenir. Chaque solution que nous \u00e9laborons, con\u00e7ue pour atteindre vos objectifs, allie innovation et ma\u00eetrise tout en garantissant la s\u00e9curit\u00e9 juridique.\",\"breadcrumb\":{\"@id\":\"https:\/\/milestone-avocats.com\/en\/about-us\/#breadcrumb\"},\"inLanguage\":\"en-US\",\"potentialAction\":[{\"@type\":\"ReadAction\",\"target\":[\"https:\/\/milestone-avocats.com\/en\/about-us\/\"]}]},{\"@type\":\"BreadcrumbList\",\"@id\":\"https:\/\/milestone-avocats.com\/en\/about-us\/#breadcrumb\",\"itemListElement\":[{\"@type\":\"ListItem\",\"position\":1,\"name\":\"Accueil\",\"item\":\"https:\/\/milestone-avocats.com\/en\/\"},{\"@type\":\"ListItem\",\"position\":2,\"name\":\"About us\"}]},{\"@type\":\"WebSite\",\"@id\":\"https:\/\/milestone-avocats.com\/#website\",\"url\":\"https:\/\/milestone-avocats.com\/\",\"name\":\"Milestone Avocats\",\"description\":\"\",\"potentialAction\":[{\"@type\":\"SearchAction\",\"target\":{\"@type\":\"EntryPoint\",\"urlTemplate\":\"https:\/\/milestone-avocats.com\/?s={search_term_string}\"},\"query-input\":{\"@type\":\"PropertyValueSpecification\",\"valueRequired\":true,\"valueName\":\"search_term_string\"}}],\"inLanguage\":\"en-US\"}]}<\/script>\n<!-- \/ Yoast SEO plugin. -->","yoast_head_json":{"title":"Transformez le \"step by step\u201d en strat\u00e9gie long terme\uff5cMilestone Avocats","description":"Le cabinet Milestone Avocats r\u00e9pond aux enjeux des acteurs \u00e9conomiques les plus exigeants, en offrant une proposition de valeur repens\u00e9e et tourn\u00e9e vers l\u2019avenir. Chaque solution que nous \u00e9laborons, con\u00e7ue pour atteindre vos objectifs, allie innovation et ma\u00eetrise tout en garantissant la s\u00e9curit\u00e9 juridique.","robots":{"index":"index","follow":"follow","max-snippet":"max-snippet:-1","max-image-preview":"max-image-preview:large","max-video-preview":"max-video-preview:-1"},"canonical":"https:\/\/milestone-avocats.com\/en\/about-us\/","og_locale":"en_US","og_type":"article","og_title":"Transformez le \"step by step\u201d en strat\u00e9gie long terme\uff5cMilestone Avocats","og_description":"Le cabinet Milestone Avocats r\u00e9pond aux enjeux des acteurs \u00e9conomiques les plus exigeants, en offrant une proposition de valeur repens\u00e9e et tourn\u00e9e vers l\u2019avenir. Chaque solution que nous \u00e9laborons, con\u00e7ue pour atteindre vos objectifs, allie innovation et ma\u00eetrise tout en garantissant la s\u00e9curit\u00e9 juridique.","og_url":"https:\/\/milestone-avocats.com\/en\/about-us\/","og_site_name":"Milestone Avocats","article_modified_time":"2025-07-07T10:58:12+00:00","twitter_card":"summary_large_image","schema":{"@context":"https:\/\/schema.org","@graph":[{"@type":"WebPage","@id":"https:\/\/milestone-avocats.com\/en\/about-us\/","url":"https:\/\/milestone-avocats.com\/en\/about-us\/","name":"Transformez le \"step by step\u201d en strat\u00e9gie long terme\uff5cMilestone Avocats","isPartOf":{"@id":"https:\/\/milestone-avocats.com\/#website"},"datePublished":"2024-12-20T15:03:12+00:00","dateModified":"2025-07-07T10:58:12+00:00","description":"Le cabinet Milestone Avocats r\u00e9pond aux enjeux des acteurs \u00e9conomiques les plus exigeants, en offrant une proposition de valeur repens\u00e9e et tourn\u00e9e vers l\u2019avenir. Chaque solution que nous \u00e9laborons, con\u00e7ue pour atteindre vos objectifs, allie innovation et ma\u00eetrise tout en garantissant la s\u00e9curit\u00e9 juridique.","breadcrumb":{"@id":"https:\/\/milestone-avocats.com\/en\/about-us\/#breadcrumb"},"inLanguage":"en-US","potentialAction":[{"@type":"ReadAction","target":["https:\/\/milestone-avocats.com\/en\/about-us\/"]}]},{"@type":"BreadcrumbList","@id":"https:\/\/milestone-avocats.com\/en\/about-us\/#breadcrumb","itemListElement":[{"@type":"ListItem","position":1,"name":"Accueil","item":"https:\/\/milestone-avocats.com\/en\/"},{"@type":"ListItem","position":2,"name":"About us"}]},{"@type":"WebSite","@id":"https:\/\/milestone-avocats.com\/#website","url":"https:\/\/milestone-avocats.com\/","name":"Milestone Avocats","description":"","potentialAction":[{"@type":"SearchAction","target":{"@type":"EntryPoint","urlTemplate":"https:\/\/milestone-avocats.com\/?s={search_term_string}"},"query-input":{"@type":"PropertyValueSpecification","valueRequired":true,"valueName":"search_term_string"}}],"inLanguage":"en-US"}]}},"_links":{"self":[{"href":"https:\/\/milestone-avocats.com\/en\/wp-json\/wp\/v2\/pages\/864","targetHints":{"allow":["GET"]}}],"collection":[{"href":"https:\/\/milestone-avocats.com\/en\/wp-json\/wp\/v2\/pages"}],"about":[{"href":"https:\/\/milestone-avocats.com\/en\/wp-json\/wp\/v2\/types\/page"}],"author":[{"embeddable":true,"href":"https:\/\/milestone-avocats.com\/en\/wp-json\/wp\/v2\/users\/2"}],"replies":[{"embeddable":true,"href":"https:\/\/milestone-avocats.com\/en\/wp-json\/wp\/v2\/comments?post=864"}],"version-history":[{"count":7,"href":"https:\/\/milestone-avocats.com\/en\/wp-json\/wp\/v2\/pages\/864\/revisions"}],"predecessor-version":[{"id":1146,"href":"https:\/\/milestone-avocats.com\/en\/wp-json\/wp\/v2\/pages\/864\/revisions\/1146"}],"wp:attachment":[{"href":"https:\/\/milestone-avocats.com\/en\/wp-json\/wp\/v2\/media?parent=864"}],"curies":[{"name":"wp","href":"https:\/\/api.w.org\/{rel}","templated":true}]}}