{"id":861,"date":"2025-01-20T14:20:32","date_gmt":"2025-01-20T14:20:32","guid":{"rendered":"https:\/\/milestone-avocats.com\/contact\/"},"modified":"2025-07-07T10:25:23","modified_gmt":"2025-07-07T10:25:23","slug":"contact-us","status":"publish","type":"page","link":"https:\/\/milestone-avocats.com\/en\/contact-us\/","title":{"rendered":"Contact us"},"content":{"rendered":"","protected":false},"excerpt":{"rendered":"","protected":false},"author":2,"featured_media":0,"parent":0,"menu_order":1,"comment_status":"closed","ping_status":"closed","template":"pages\/contact.php","meta":{"_acf_changed":false,"footnotes":""},"class_list":["post-861","page","type-page","status-publish","hentry"],"acf":[],"yoast_head":"<!-- This site is optimized with the Yoast SEO plugin v24.3 - https:\/\/yoast.com\/wordpress\/plugins\/seo\/ -->\n<title>Contactez-nous\uff5cMilestone Avocats<\/title>\n<meta name=\"description\" content=\"Pr\u00eat \u00e0 discuter ? Le cabinet Milestone Avocats est \u00e0 votre \u00e9coute.\" \/>\n<meta name=\"robots\" content=\"index, follow, max-snippet:-1, max-image-preview:large, max-video-preview:-1\" \/>\n<link rel=\"canonical\" href=\"https:\/\/milestone-avocats.com\/en\/contact-us\/\" \/>\n<meta property=\"og:locale\" content=\"en_US\" \/>\n<meta property=\"og:type\" content=\"article\" \/>\n<meta property=\"og:title\" content=\"Contactez-nous\uff5cMilestone Avocats\" \/>\n<meta property=\"og:description\" content=\"Pr\u00eat \u00e0 discuter ? Le cabinet Milestone Avocats est \u00e0 votre \u00e9coute.\" \/>\n<meta property=\"og:url\" content=\"https:\/\/milestone-avocats.com\/en\/contact-us\/\" \/>\n<meta property=\"og:site_name\" content=\"Milestone Avocats\" \/>\n<meta property=\"article:modified_time\" content=\"2025-07-07T10:25:23+00:00\" \/>\n<meta name=\"twitter:card\" content=\"summary_large_image\" \/>\n<script type=\"application\/ld+json\" class=\"yoast-schema-graph\">{\"@context\":\"https:\/\/schema.org\",\"@graph\":[{\"@type\":\"WebPage\",\"@id\":\"https:\/\/milestone-avocats.com\/en\/contact-us\/\",\"url\":\"https:\/\/milestone-avocats.com\/en\/contact-us\/\",\"name\":\"Contactez-nous\uff5cMilestone Avocats\",\"isPartOf\":{\"@id\":\"https:\/\/milestone-avocats.com\/#website\"},\"datePublished\":\"2025-01-20T14:20:32+00:00\",\"dateModified\":\"2025-07-07T10:25:23+00:00\",\"description\":\"Pr\u00eat \u00e0 discuter ? Le cabinet Milestone Avocats est \u00e0 votre \u00e9coute.\",\"breadcrumb\":{\"@id\":\"https:\/\/milestone-avocats.com\/en\/contact-us\/#breadcrumb\"},\"inLanguage\":\"en-US\",\"potentialAction\":[{\"@type\":\"ReadAction\",\"target\":[\"https:\/\/milestone-avocats.com\/en\/contact-us\/\"]}]},{\"@type\":\"BreadcrumbList\",\"@id\":\"https:\/\/milestone-avocats.com\/en\/contact-us\/#breadcrumb\",\"itemListElement\":[{\"@type\":\"ListItem\",\"position\":1,\"name\":\"Accueil\",\"item\":\"https:\/\/milestone-avocats.com\/en\/\"},{\"@type\":\"ListItem\",\"position\":2,\"name\":\"Contact us\"}]},{\"@type\":\"WebSite\",\"@id\":\"https:\/\/milestone-avocats.com\/#website\",\"url\":\"https:\/\/milestone-avocats.com\/\",\"name\":\"Milestone Avocats\",\"description\":\"\",\"potentialAction\":[{\"@type\":\"SearchAction\",\"target\":{\"@type\":\"EntryPoint\",\"urlTemplate\":\"https:\/\/milestone-avocats.com\/?s={search_term_string}\"},\"query-input\":{\"@type\":\"PropertyValueSpecification\",\"valueRequired\":true,\"valueName\":\"search_term_string\"}}],\"inLanguage\":\"en-US\"}]}<\/script>\n<!-- \/ Yoast SEO plugin. -->","yoast_head_json":{"title":"Contactez-nous\uff5cMilestone Avocats","description":"Pr\u00eat \u00e0 discuter ? Le cabinet Milestone Avocats est \u00e0 votre \u00e9coute.","robots":{"index":"index","follow":"follow","max-snippet":"max-snippet:-1","max-image-preview":"max-image-preview:large","max-video-preview":"max-video-preview:-1"},"canonical":"https:\/\/milestone-avocats.com\/en\/contact-us\/","og_locale":"en_US","og_type":"article","og_title":"Contactez-nous\uff5cMilestone Avocats","og_description":"Pr\u00eat \u00e0 discuter ? Le cabinet Milestone Avocats est \u00e0 votre \u00e9coute.","og_url":"https:\/\/milestone-avocats.com\/en\/contact-us\/","og_site_name":"Milestone Avocats","article_modified_time":"2025-07-07T10:25:23+00:00","twitter_card":"summary_large_image","schema":{"@context":"https:\/\/schema.org","@graph":[{"@type":"WebPage","@id":"https:\/\/milestone-avocats.com\/en\/contact-us\/","url":"https:\/\/milestone-avocats.com\/en\/contact-us\/","name":"Contactez-nous\uff5cMilestone Avocats","isPartOf":{"@id":"https:\/\/milestone-avocats.com\/#website"},"datePublished":"2025-01-20T14:20:32+00:00","dateModified":"2025-07-07T10:25:23+00:00","description":"Pr\u00eat \u00e0 discuter ? Le cabinet Milestone Avocats est \u00e0 votre \u00e9coute.","breadcrumb":{"@id":"https:\/\/milestone-avocats.com\/en\/contact-us\/#breadcrumb"},"inLanguage":"en-US","potentialAction":[{"@type":"ReadAction","target":["https:\/\/milestone-avocats.com\/en\/contact-us\/"]}]},{"@type":"BreadcrumbList","@id":"https:\/\/milestone-avocats.com\/en\/contact-us\/#breadcrumb","itemListElement":[{"@type":"ListItem","position":1,"name":"Accueil","item":"https:\/\/milestone-avocats.com\/en\/"},{"@type":"ListItem","position":2,"name":"Contact us"}]},{"@type":"WebSite","@id":"https:\/\/milestone-avocats.com\/#website","url":"https:\/\/milestone-avocats.com\/","name":"Milestone Avocats","description":"","potentialAction":[{"@type":"SearchAction","target":{"@type":"EntryPoint","urlTemplate":"https:\/\/milestone-avocats.com\/?s={search_term_string}"},"query-input":{"@type":"PropertyValueSpecification","valueRequired":true,"valueName":"search_term_string"}}],"inLanguage":"en-US"}]}},"_links":{"self":[{"href":"https:\/\/milestone-avocats.com\/en\/wp-json\/wp\/v2\/pages\/861","targetHints":{"allow":["GET"]}}],"collection":[{"href":"https:\/\/milestone-avocats.com\/en\/wp-json\/wp\/v2\/pages"}],"about":[{"href":"https:\/\/milestone-avocats.com\/en\/wp-json\/wp\/v2\/types\/page"}],"author":[{"embeddable":true,"href":"https:\/\/milestone-avocats.com\/en\/wp-json\/wp\/v2\/users\/2"}],"replies":[{"embeddable":true,"href":"https:\/\/milestone-avocats.com\/en\/wp-json\/wp\/v2\/comments?post=861"}],"version-history":[{"count":3,"href":"https:\/\/milestone-avocats.com\/en\/wp-json\/wp\/v2\/pages\/861\/revisions"}],"predecessor-version":[{"id":1138,"href":"https:\/\/milestone-avocats.com\/en\/wp-json\/wp\/v2\/pages\/861\/revisions\/1138"}],"wp:attachment":[{"href":"https:\/\/milestone-avocats.com\/en\/wp-json\/wp\/v2\/media?parent=861"}],"curies":[{"name":"wp","href":"https:\/\/api.w.org\/{rel}","templated":true}]}}